{"id":427,"date":"2023-12-20T07:24:44","date_gmt":"2023-12-20T07:24:44","guid":{"rendered":"https:\/\/www.clearpro.com\/?page_id=427"},"modified":"2025-07-03T02:22:12","modified_gmt":"2025-07-03T02:22:12","slug":"clearprocut-software","status":"publish","type":"page","link":"https:\/\/www.clearpro.com\/fr\/clearprocut-software\/","title":{"rendered":"CLEARPROCUT\u2122 Software"},"content":{"rendered":"<h2>CLEARPROCUT\u2122 Software<\/h2>\n<p>\t\t<iframe title=\"Logiciel \ud83d\udcbbCLEARPROCUT\u2122 - Lancement de la version 2.0\" width=\"500\" height=\"281\" src=\"https:\/\/www.youtube.com\/embed\/wHRPN6BL-a0?feature=oembed\" frameborder=\"0\" allow=\"accelerometer; autoplay; clipboard-write; encrypted-media; gyroscope; picture-in-picture; web-share\" referrerpolicy=\"strict-origin-when-cross-origin\" allowfullscreen><\/iframe>\t\t<\/p>\n<p>Notre logiciel interne de cr\u00e9ation de motifs offre une vaste s\u00e9lection de mod\u00e8les de v\u00e9hicules. En tirant parti de la technologie avanc\u00e9e de num\u00e9risation 3D, nous d\u00e9veloppons quotidiennement de nouveaux mod\u00e8les, ce qui am\u00e9liore consid\u00e9rablement l'efficacit\u00e9 de l'installation tout en r\u00e9duisant au minimum les d\u00e9chets de film. Le r\u00e9f\u00e9rentiel complet de mod\u00e8les vous permet de r\u00e9duire le temps d'installation et de garantir des installations parfaites \u00e0 vos clients.<\/p>\n<h2><strong>50000+<\/strong><\/h2>\n<p>Temps de coupe<\/p>\n<h2><strong>1300+<\/strong><\/h2>\n<p>Utilisateur enregistr\u00e9<\/p>\n<h2><strong>120000<\/strong>\u33a1+<\/h2>\n<p>Zone de coupe<\/p>\n<h2><strong>12000+<\/strong><\/h2>\n<p>Mod\u00e8le de v\u00e9hicule<\/p>\n<h3>50000+<\/h3>\n<p>Temps de coupe<\/p>\n<h3>1300+ <\/h3>\n<p>Utilisateur enregistr\u00e9<\/p>\n<h3>120000 \u33a1+<\/h3>\n<p> Zone de coupe<\/p>\n<h3>12000+ <\/h3>\n<p>Mod\u00e8le de v\u00e9hicule<\/p>","protected":false},"excerpt":{"rendered":"<p>Diverses conceptions de v\u00e9hicules, num\u00e9risation 3D pour des installations efficaces.<\/p>","protected":false},"author":2,"featured_media":7100,"parent":0,"menu_order":0,"comment_status":"closed","ping_status":"closed","template":"","meta":{"_seopress_robots_primary_cat":"0","_seopress_titles_title":"CLEARPROCUT\u2122 Software | ClearPro","_seopress_titles_desc":"We possess in-house pattern and 3D scanning software to produce precise vehicle designs to reduce film waste and speed up installation time for your business.","_seopress_robots_index":"","footnotes":""},"class_list":["post-427","page","type-page","status-publish","has-post-thumbnail","hentry"],"acf":[],"_links":{"self":[{"href":"https:\/\/www.clearpro.com\/fr\/wp-json\/wp\/v2\/pages\/427","targetHints":{"allow":["GET"]}}],"collection":[{"href":"https:\/\/www.clearpro.com\/fr\/wp-json\/wp\/v2\/pages"}],"about":[{"href":"https:\/\/www.clearpro.com\/fr\/wp-json\/wp\/v2\/types\/page"}],"author":[{"embeddable":true,"href":"https:\/\/www.clearpro.com\/fr\/wp-json\/wp\/v2\/users\/2"}],"replies":[{"embeddable":true,"href":"https:\/\/www.clearpro.com\/fr\/wp-json\/wp\/v2\/comments?post=427"}],"version-history":[{"count":35,"href":"https:\/\/www.clearpro.com\/fr\/wp-json\/wp\/v2\/pages\/427\/revisions"}],"predecessor-version":[{"id":8586,"href":"https:\/\/www.clearpro.com\/fr\/wp-json\/wp\/v2\/pages\/427\/revisions\/8586"}],"wp:featuredmedia":[{"embeddable":true,"href":"https:\/\/www.clearpro.com\/fr\/wp-json\/wp\/v2\/media\/7100"}],"wp:attachment":[{"href":"https:\/\/www.clearpro.com\/fr\/wp-json\/wp\/v2\/media?parent=427"}],"curies":[{"name":"wp","href":"https:\/\/api.w.org\/{rel}","templated":true}]}}