{"id":427,"date":"2023-12-20T07:24:44","date_gmt":"2023-12-20T07:24:44","guid":{"rendered":"https:\/\/www.clearpro.com\/?page_id=427"},"modified":"2025-07-03T02:22:12","modified_gmt":"2025-07-03T02:22:12","slug":"clearprocut-software","status":"publish","type":"page","link":"https:\/\/www.clearpro.com\/es\/clearprocut-software\/","title":{"rendered":"Software CLEARPROCUT"},"content":{"rendered":"<h2>Software CLEARPROCUT<\/h2>\n<p>\t\t<iframe title=\"\ud83d\udcbbCLEARPROCUT\u2122 Software - Lanzamiento de la versi\u00f3n 2.0\" width=\"500\" height=\"281\" src=\"https:\/\/www.youtube.com\/embed\/wHRPN6BL-a0?feature=oembed\" frameborder=\"0\" allow=\"accelerometer; autoplay; clipboard-write; encrypted-media; gyroscope; picture-in-picture; web-share\" referrerpolicy=\"strict-origin-when-cross-origin\" allowfullscreen><\/iframe>\t\t<\/p>\n<p>Nuestro software interno de patrones ofrece una amplia selecci\u00f3n de dise\u00f1os de veh\u00edculos. Aprovechando la avanzada tecnolog\u00eda de escaneado 3D, desarrollamos nuevos patrones a diario, lo que mejora significativamente la eficiencia de la instalaci\u00f3n y reduce al m\u00ednimo el desperdicio de pel\u00edcula. El amplio repositorio de patrones le permite acortar el tiempo de instalaci\u00f3n y garantizar instalaciones impecables para sus clientes.<\/p>\n<h2><strong>50000+<\/strong><\/h2>\n<p>Tiempo de corte<\/p>\n<h2><strong>1300+<\/strong><\/h2>\n<p>Usuario registrado<\/p>\n<h2><strong>120000<\/strong>\u33a1+<\/h2>\n<p>\u00c1rea de corte<\/p>\n<h2><strong>12000+<\/strong><\/h2>\n<p>Modelo de veh\u00edculo<\/p>\n<h3>50000+<\/h3>\n<p>Tiempo de corte<\/p>\n<h3>1300+ <\/h3>\n<p>Usuario registrado<\/p>\n<h3>120000 \u33a1+<\/h3>\n<p> \u00c1rea de corte<\/p>\n<h3>12000+ <\/h3>\n<p>Modelo de veh\u00edculo<\/p>","protected":false},"excerpt":{"rendered":"<p>Diversos dise\u00f1os de veh\u00edculos, escaneado 3D para instalaciones eficaces.<\/p>","protected":false},"author":2,"featured_media":7100,"parent":0,"menu_order":0,"comment_status":"closed","ping_status":"closed","template":"","meta":{"_seopress_robots_primary_cat":"0","_seopress_titles_title":"CLEARPROCUT\u2122 Software | ClearPro","_seopress_titles_desc":"We possess in-house pattern and 3D scanning software to produce precise vehicle designs to reduce film waste and speed up installation time for your business.","_seopress_robots_index":"","footnotes":""},"class_list":["post-427","page","type-page","status-publish","has-post-thumbnail","hentry"],"acf":[],"_links":{"self":[{"href":"https:\/\/www.clearpro.com\/es\/wp-json\/wp\/v2\/pages\/427","targetHints":{"allow":["GET"]}}],"collection":[{"href":"https:\/\/www.clearpro.com\/es\/wp-json\/wp\/v2\/pages"}],"about":[{"href":"https:\/\/www.clearpro.com\/es\/wp-json\/wp\/v2\/types\/page"}],"author":[{"embeddable":true,"href":"https:\/\/www.clearpro.com\/es\/wp-json\/wp\/v2\/users\/2"}],"replies":[{"embeddable":true,"href":"https:\/\/www.clearpro.com\/es\/wp-json\/wp\/v2\/comments?post=427"}],"version-history":[{"count":35,"href":"https:\/\/www.clearpro.com\/es\/wp-json\/wp\/v2\/pages\/427\/revisions"}],"predecessor-version":[{"id":8586,"href":"https:\/\/www.clearpro.com\/es\/wp-json\/wp\/v2\/pages\/427\/revisions\/8586"}],"wp:featuredmedia":[{"embeddable":true,"href":"https:\/\/www.clearpro.com\/es\/wp-json\/wp\/v2\/media\/7100"}],"wp:attachment":[{"href":"https:\/\/www.clearpro.com\/es\/wp-json\/wp\/v2\/media?parent=427"}],"curies":[{"name":"wp","href":"https:\/\/api.w.org\/{rel}","templated":true}]}}